{"id":75575,"date":"2020-07-09T16:20:50","date_gmt":"2020-07-09T14:20:50","guid":{"rendered":"https:\/\/www.subtechsports.com\/?page_id=75575"},"modified":"2023-01-18T16:02:04","modified_gmt":"2023-01-18T15:02:04","slug":"about-us","status":"publish","type":"page","link":"https:\/\/utv.subtechsports.com\/sv\/about-us\/","title":{"rendered":"About Us"},"content":{"rendered":"<div data-elementor-type=\"wp-page\" data-elementor-id=\"75575\" class=\"elementor elementor-75575\" data-elementor-post-type=\"page\">\n\t\t\t\t\t\t<section class=\"elementor-section elementor-top-section elementor-element elementor-element-a807d28 elementor-section-boxed elementor-section-height-default elementor-section-height-default\" data-id=\"a807d28\" data-element_type=\"section\">\n\t\t\t\t\t\t<div class=\"elementor-container elementor-column-gap-default\">\n\t\t\t\t\t<div class=\"elementor-column elementor-col-100 elementor-top-column elementor-element elementor-element-379f0f9\" data-id=\"379f0f9\" data-element_type=\"column\">\n\t\t\t<div class=\"elementor-widget-wrap elementor-element-populated\">\n\t\t\t\t\t\t<div class=\"elementor-element elementor-element-5dd83b8 elementor-widget elementor-widget-text-editor\" data-id=\"5dd83b8\" data-element_type=\"widget\" data-widget_type=\"text-editor.default\">\n\t\t\t\t<div class=\"elementor-widget-container\">\n\t\t\t\t\t\t\t<h4><span style=\"font-weight: 400;\">SUBTECH SPORTS grundades i Sydney, Australien 2011 och expanderade kort d\u00e4refter till Stockholm, Sverige.<\/span><\/h4><p><span style=\"font-weight: 400;\">Idag \u00e4r SUBTECH ett prisbel\u00f6nt svenskt bolag specialiserat p\u00e5 vattent\u00e4ta v\u00e4skor som anv\u00e4nds av n\u00e5gra av v\u00e4rldens b\u00e4sta extremsportatleter och Guiness v\u00e4rldsrekord \u00e4ventyrare runtom i v\u00e4rlden. V\u00e5ra k\u00e4rnv\u00e4rden \u00e4r Funktion, Kvalitet och H\u00e5llbarhet d\u00e5 v\u00e5ra produkter \u00e4r byggda f\u00f6r att klara de mest extrema f\u00f6rh\u00e5llanden du kan t\u00e4nka dig och \u00e4nd\u00e5 h\u00e5lla en livstid. Det \u00e4r d\u00e4rf\u00f6r flygvapnet, milit\u00e4ren, polisen, marinen, kustbevakningen, sj\u00f6r\u00e4ddningen etc. alla har noggrant valt ut v\u00e5ra produkter f\u00f6r att h\u00e5lla sin utrustning skyddad 365 dagar om \u00e5ret.<\/span><\/p><p>P\u00e5 SUBTECH har vi ett tydligt m\u00e5l att vara v\u00e4rldsledande inom vattent\u00e4ta v\u00e4skor. Vi har redan kommit en l\u00e5ng v\u00e4g d\u00e5 v\u00e5ra produkter noggrant valts ut av milit\u00e4r som droppar v\u00e5ra v\u00e4skor med k\u00e4nslig utrustning fr\u00e5n flygplan p\u00e5 3000 meters h\u00f6jd rakt ner i havet f\u00f6r att sedan transporteras 25 meter under ytan.<\/p><p>Genom att g\u00f6ra framsteg internationellt har v\u00e5ra v\u00e4skor introducerats till n\u00e5gra av v\u00e4rldens st\u00f6rsta namn inom olika extremsporter och vi \u00e4r idag riktigt stolta \u00f6ver att ha m\u00e5nga av dessa v\u00e4rldsm\u00e4stare och v\u00e4rldsrekord\u00e4ventyrare som TEAM SUBTECH-medlemmar. Deras expertis och s\u00e4ttet de anv\u00e4nder v\u00e5ra v\u00e4skor ger oss en ov\u00e4rderlig kunskap inom Forskning &amp; Utveckling som f\u00e5 andra varum\u00e4rken kan matcha.<\/p><p>Med det sagt, vi \u00e4r \u00f6dmjuka var vi befinner oss och var vi beh\u00f6ver g\u00e5. Att tillverka sportv\u00e4skor inom premiumsegmentet kr\u00e4ver ett konstant och ih\u00e4rdigt arbete. Oavsett vilken takt eller eventuella bakslag, kommer ribban alltid s\u00e4ttas p\u00e5 h\u00f6gsta standard f\u00f6r att s\u00e4kerst\u00e4lla att vi \u00f6vertr\u00e4ffar v\u00e5ra kunders h\u00f6gt st\u00e4llda f\u00f6rv\u00e4ntningar.<\/p><p><span style=\"font-weight: 400;\">Grundare &amp; VD<\/span><\/p>\t\t\t\t\t\t<\/div>\n\t\t\t\t<\/div>\n\t\t\t\t<div class=\"elementor-element elementor-element-5669567 elementor-widget elementor-widget-image\" data-id=\"5669567\" data-element_type=\"widget\" data-widget_type=\"image.default\">\n\t\t\t\t<div class=\"elementor-widget-container\">\n\t\t\t\t\t\t\t\t\t\t\t\t\t<img fetchpriority=\"high\" decoding=\"async\" width=\"660\" height=\"227\" src=\"https:\/\/utv.subtechsports.com\/wp-content\/uploads\/2020\/09\/signatur-2-660x227-1.png\" class=\"attachment-full size-full wp-image-76165\" alt=\"\" srcset=\"https:\/\/utv.subtechsports.com\/wp-content\/uploads\/2020\/09\/signatur-2-660x227-1.png 660w, https:\/\/utv.subtechsports.com\/wp-content\/uploads\/2020\/09\/signatur-2-660x227-1-300x103.png 300w\" sizes=\"(max-width: 660px) 100vw, 660px\" \/>\t\t\t\t\t\t\t\t\t\t\t\t\t<\/div>\n\t\t\t\t<\/div>\n\t\t\t\t\t<\/div>\n\t\t<\/div>\n\t\t\t\t\t<\/div>\n\t\t<\/section>\n\t\t\t\t<section class=\"elementor-section elementor-top-section elementor-element elementor-element-0b4e0a7 elementor-section-boxed elementor-section-height-default elementor-section-height-default\" data-id=\"0b4e0a7\" data-element_type=\"section\">\n\t\t\t\t\t\t<div class=\"elementor-container elementor-column-gap-default\">\n\t\t\t\t\t<div class=\"elementor-column elementor-col-100 elementor-top-column elementor-element elementor-element-d0584ee\" data-id=\"d0584ee\" data-element_type=\"column\">\n\t\t\t<div class=\"elementor-widget-wrap elementor-element-populated\">\n\t\t\t\t\t\t<div class=\"elementor-element elementor-element-7ea64f4 elementor-widget elementor-widget-image\" data-id=\"7ea64f4\" data-element_type=\"widget\" data-widget_type=\"image.default\">\n\t\t\t\t<div class=\"elementor-widget-container\">\n\t\t\t\t\t\t\t\t\t\t\t\t\t<img decoding=\"async\" width=\"1024\" height=\"469\" src=\"https:\/\/utv.subtechsports.com\/wp-content\/uploads\/2020\/09\/about-us-team-horizontal-1024x469.jpg\" class=\"attachment-large size-large wp-image-76164\" alt=\"\" srcset=\"https:\/\/utv.subtechsports.com\/wp-content\/uploads\/2020\/09\/about-us-team-horizontal-1024x469.jpg 1024w, https:\/\/utv.subtechsports.com\/wp-content\/uploads\/2020\/09\/about-us-team-horizontal-680x311.jpg 680w, https:\/\/utv.subtechsports.com\/wp-content\/uploads\/2020\/09\/about-us-team-horizontal-840x385.jpg 840w, https:\/\/utv.subtechsports.com\/wp-content\/uploads\/2020\/09\/about-us-team-horizontal-300x137.jpg 300w, https:\/\/utv.subtechsports.com\/wp-content\/uploads\/2020\/09\/about-us-team-horizontal-768x352.jpg 768w, https:\/\/utv.subtechsports.com\/wp-content\/uploads\/2020\/09\/about-us-team-horizontal-1536x703.jpg 1536w, https:\/\/utv.subtechsports.com\/wp-content\/uploads\/2020\/09\/about-us-team-horizontal.jpg 2000w\" sizes=\"(max-width: 1024px) 100vw, 1024px\" \/>\t\t\t\t\t\t\t\t\t\t\t\t\t<\/div>\n\t\t\t\t<\/div>\n\t\t\t\t\t<\/div>\n\t\t<\/div>\n\t\t\t\t\t<\/div>\n\t\t<\/section>\n\t\t\t\t<section class=\"elementor-section elementor-top-section elementor-element elementor-element-1a84256 elementor-section-boxed elementor-section-height-default elementor-section-height-default\" data-id=\"1a84256\" data-element_type=\"section\">\n\t\t\t\t\t\t<div class=\"elementor-container elementor-column-gap-default\">\n\t\t\t\t\t<div class=\"elementor-column elementor-col-100 elementor-top-column elementor-element elementor-element-4904c45\" data-id=\"4904c45\" data-element_type=\"column\">\n\t\t\t<div class=\"elementor-widget-wrap elementor-element-populated\">\n\t\t\t\t\t\t<div class=\"elementor-element elementor-element-9053c78 elementor-widget elementor-widget-heading\" data-id=\"9053c78\" data-element_type=\"widget\" data-widget_type=\"heading.default\">\n\t\t\t\t<div class=\"elementor-widget-container\">\n\t\t\t<h2 class=\"elementor-heading-title elementor-size-default\">Bondi Beach, Sydney, Australia, 2011.<\/h2>\t\t<\/div>\n\t\t\t\t<\/div>\n\t\t\t\t<div class=\"elementor-element elementor-element-c87ee9e elementor-widget elementor-widget-spacer\" data-id=\"c87ee9e\" data-element_type=\"widget\" data-widget_type=\"spacer.default\">\n\t\t\t\t<div class=\"elementor-widget-container\">\n\t\t\t\t\t<div class=\"elementor-spacer\">\n\t\t\t<div class=\"elementor-spacer-inner\"><\/div>\n\t\t<\/div>\n\t\t\t\t<\/div>\n\t\t\t\t<\/div>\n\t\t\t\t<div class=\"elementor-element elementor-element-6953c99 elementor-widget elementor-widget-heading\" data-id=\"6953c99\" data-element_type=\"widget\" data-widget_type=\"heading.default\">\n\t\t\t\t<div class=\"elementor-widget-container\">\n\t\t\t<h2 class=\"elementor-heading-title elementor-size-default\">Sedan starten har dessa tre k\u00e4rnv\u00e4rden varit v\u00e5ra ledord:<\/h2>\t\t<\/div>\n\t\t\t\t<\/div>\n\t\t\t\t\t<\/div>\n\t\t<\/div>\n\t\t\t\t\t<\/div>\n\t\t<\/section>\n\t\t\t\t<section class=\"elementor-section elementor-top-section elementor-element elementor-element-981ed67 elementor-section-boxed elementor-section-height-default elementor-section-height-default\" data-id=\"981ed67\" data-element_type=\"section\">\n\t\t\t\t\t\t<div class=\"elementor-container elementor-column-gap-default\">\n\t\t\t\t\t<div class=\"elementor-column elementor-col-33 elementor-top-column elementor-element elementor-element-fe62b75\" data-id=\"fe62b75\" data-element_type=\"column\">\n\t\t\t<div class=\"elementor-widget-wrap elementor-element-populated\">\n\t\t\t\t\t\t<div class=\"elementor-element elementor-element-55bfb56 elementor-cta--skin-cover elementor-animated-content elementor-bg-transform elementor-bg-transform-zoom-in elementor-widget elementor-widget-call-to-action\" data-id=\"55bfb56\" data-element_type=\"widget\" data-widget_type=\"call-to-action.default\">\n\t\t\t\t<div class=\"elementor-widget-container\">\n\t\t\t\t\t<div class=\"elementor-cta\" data-e-bg-lazyload=\".elementor-bg\">\n\t\t\t\t\t<div class=\"elementor-cta__bg-wrapper\">\n\t\t\t\t<div class=\"elementor-cta__bg elementor-bg\" style=\"background-image: var(--e-bg-lazyload-loaded); --e-bg-lazyload: url(https:\/\/utv.subtechsports.com\/wp-content\/uploads\/2020\/11\/SUBTECH_Most-extreme-conditions.jpg);\" role=\"img\" aria-label=\"SUBTECH_Most extreme conditions\"><\/div>\n\t\t\t\t<div class=\"elementor-cta__bg-overlay\"><\/div>\n\t\t\t<\/div>\n\t\t\t\t\t\t\t<div class=\"elementor-cta__content\">\n\t\t\t\t\n\t\t\t\t<h2 class=\"elementor-cta__title elementor-cta__content-item elementor-content-item elementor-animated-item--grow\">FUNKTION<\/h2>\n\t\t\t\t\t\t\t\t\t<div class=\"elementor-cta__description elementor-cta__content-item elementor-content-item elementor-animated-item--grow\">\n\t\t\t\t\t\tPrisbel\u00f6nta produkter designade f\u00f6r att anv\u00e4ndas under de mest extrema f\u00f6rh\u00e5llanden du kan t\u00e4nka dig.\t\t\t\t\t<\/div>\n\t\t\t\t\n\t\t\t\t\t\t\t<\/div>\n\t\t\t\t\t\t<\/div>\n\t\t\t\t<\/div>\n\t\t\t\t<\/div>\n\t\t\t\t\t<\/div>\n\t\t<\/div>\n\t\t\t\t<div class=\"elementor-column elementor-col-33 elementor-top-column elementor-element elementor-element-c055c94\" data-id=\"c055c94\" data-element_type=\"column\">\n\t\t\t<div class=\"elementor-widget-wrap elementor-element-populated\">\n\t\t\t\t\t\t<div class=\"elementor-element elementor-element-237feeb elementor-cta--skin-cover elementor-animated-content elementor-bg-transform elementor-bg-transform-zoom-in elementor-widget elementor-widget-call-to-action\" data-id=\"237feeb\" data-element_type=\"widget\" data-widget_type=\"call-to-action.default\">\n\t\t\t\t<div class=\"elementor-widget-container\">\n\t\t\t\t\t<div class=\"elementor-cta\" data-e-bg-lazyload=\".elementor-bg\">\n\t\t\t\t\t<div class=\"elementor-cta__bg-wrapper\">\n\t\t\t\t<div class=\"elementor-cta__bg elementor-bg\" style=\"background-image: var(--e-bg-lazyload-loaded); --e-bg-lazyload: url(https:\/\/utv.subtechsports.com\/wp-content\/uploads\/2020\/03\/SUBTECH-SPORTS_US-Airforce_PRO-DRYBAG-1024x682.jpg);\" role=\"img\" aria-label=\"VERIFIERAD AV DE B\u00c4STA\"><\/div>\n\t\t\t\t<div class=\"elementor-cta__bg-overlay\"><\/div>\n\t\t\t<\/div>\n\t\t\t\t\t\t\t<div class=\"elementor-cta__content\">\n\t\t\t\t\n\t\t\t\t<h2 class=\"elementor-cta__title elementor-cta__content-item elementor-content-item elementor-animated-item--grow\">KVALITET<\/h2>\n\t\t\t\t\t\t\t\t\t<div class=\"elementor-cta__description elementor-cta__content-item elementor-content-item elementor-animated-item--grow\">\n\t\t\t\t\t\tFlygvapen, specialf\u00f6rband, kustbevakning etc. har noga valt ut v\u00e5ra v\u00e4skor d\u00e5 de garanterat h\u00e5ller deras utrustning skyddad oavsett vad.\t\t\t\t\t<\/div>\n\t\t\t\t\n\t\t\t\t\t\t\t<\/div>\n\t\t\t\t\t\t<\/div>\n\t\t\t\t<\/div>\n\t\t\t\t<\/div>\n\t\t\t\t\t<\/div>\n\t\t<\/div>\n\t\t\t\t<div class=\"elementor-column elementor-col-33 elementor-top-column elementor-element elementor-element-9610ed5\" data-id=\"9610ed5\" data-element_type=\"column\">\n\t\t\t<div class=\"elementor-widget-wrap elementor-element-populated\">\n\t\t\t\t\t\t<div class=\"elementor-element elementor-element-885d290 elementor-cta--skin-cover elementor-animated-content elementor-bg-transform elementor-bg-transform-zoom-in elementor-widget elementor-widget-call-to-action\" data-id=\"885d290\" data-element_type=\"widget\" data-widget_type=\"call-to-action.default\">\n\t\t\t\t<div class=\"elementor-widget-container\">\n\t\t\t\t\t<div class=\"elementor-cta\" data-e-bg-lazyload=\".elementor-bg\">\n\t\t\t\t\t<div class=\"elementor-cta__bg-wrapper\">\n\t\t\t\t<div class=\"elementor-cta__bg elementor-bg\" style=\"background-image: var(--e-bg-lazyload-loaded); --e-bg-lazyload: url(https:\/\/utv.subtechsports.com\/wp-content\/uploads\/2020\/09\/U.S.-Airforce-Pararescue-Team_Airplane-drop-off-3000ft_SUBTECH-SPORTS\u00ae-1025x769-1.jpg);\" role=\"img\" aria-label=\"U.S.-Airforce-Pararescue-Team_Airplane-drop-off-3000ft_SUBTECH-SPORTS\u00ae-1025x769-1\"><\/div>\n\t\t\t\t<div class=\"elementor-cta__bg-overlay\"><\/div>\n\t\t\t<\/div>\n\t\t\t\t\t\t\t<div class=\"elementor-cta__content\">\n\t\t\t\t\n\t\t\t\t<h2 class=\"elementor-cta__title elementor-cta__content-item elementor-content-item elementor-animated-item--grow\">H\u00c5LLBARHET<\/h2>\n\t\t\t\t\t\t\t\t\t<div class=\"elementor-cta__description elementor-cta__content-item elementor-content-item elementor-animated-item--grow\">\n\t\t\t\t\t\tV\u00e5ra v\u00e4skor kastas ut ur flygplan. Dumpas mitt i havet. Transporteras 25m under ytan.<br> 365 dagar\/\u00e5r och h\u00e5ller fortfarande en livstid.\t\t\t\t\t<\/div>\n\t\t\t\t\n\t\t\t\t\t\t\t<\/div>\n\t\t\t\t\t\t<\/div>\n\t\t\t\t<\/div>\n\t\t\t\t<\/div>\n\t\t\t\t\t<\/div>\n\t\t<\/div>\n\t\t\t\t\t<\/div>\n\t\t<\/section>\n\t\t\t\t<\/div>","protected":false},"excerpt":{"rendered":"<p>SUBTECH SPORTS was founded in Sydney, Australia 2011 but expanded quickly to Stockholm, Sweden. Today SUBTECH is a Swedish award-winning waterproof bag company used by some of the world\u2019s best extreme sports athletes and Guinness World Record adventurers around the globe. Our core values are Function, Quality and Durability as our products are built to [&hellip;]<\/p>","protected":false},"author":1,"featured_media":91333,"parent":0,"menu_order":0,"comment_status":"closed","ping_status":"closed","template":"","meta":[],"acf":[],"_links":{"self":[{"href":"https:\/\/utv.subtechsports.com\/sv\/wp-json\/wp\/v2\/pages\/75575"}],"collection":[{"href":"https:\/\/utv.subtechsports.com\/sv\/wp-json\/wp\/v2\/pages"}],"about":[{"href":"https:\/\/utv.subtechsports.com\/sv\/wp-json\/wp\/v2\/types\/page"}],"author":[{"embeddable":true,"href":"https:\/\/utv.subtechsports.com\/sv\/wp-json\/wp\/v2\/users\/1"}],"replies":[{"embeddable":true,"href":"https:\/\/utv.subtechsports.com\/sv\/wp-json\/wp\/v2\/comments?post=75575"}],"version-history":[{"count":36,"href":"https:\/\/utv.subtechsports.com\/sv\/wp-json\/wp\/v2\/pages\/75575\/revisions"}],"predecessor-version":[{"id":93792,"href":"https:\/\/utv.subtechsports.com\/sv\/wp-json\/wp\/v2\/pages\/75575\/revisions\/93792"}],"wp:featuredmedia":[{"embeddable":true,"href":"https:\/\/utv.subtechsports.com\/sv\/wp-json\/wp\/v2\/media\/91333"}],"wp:attachment":[{"href":"https:\/\/utv.subtechsports.com\/sv\/wp-json\/wp\/v2\/media?parent=75575"}],"curies":[{"name":"wp","href":"https:\/\/api.w.org\/{rel}","templated":true}]}}