{"id":75831,"date":"2020-09-05T13:00:16","date_gmt":"2020-09-05T11:00:16","guid":{"rendered":"https:\/\/www.subtechsports.com\/?page_id=75831"},"modified":"2020-11-02T12:16:09","modified_gmt":"2020-11-02T11:16:09","slug":"ambassador","status":"publish","type":"page","link":"https:\/\/utv.subtechsports.com\/sv\/ambassador\/","title":{"rendered":"Ambassad\u00f6r"},"content":{"rendered":"<div data-elementor-type=\"wp-page\" data-elementor-id=\"75831\" class=\"elementor elementor-75831\" data-elementor-post-type=\"page\">\n\t\t\t\t\t\t<section class=\"elementor-section elementor-top-section elementor-element elementor-element-56abd7c elementor-section-boxed elementor-section-height-default elementor-section-height-default\" data-id=\"56abd7c\" data-element_type=\"section\">\n\t\t\t\t\t\t<div class=\"elementor-container elementor-column-gap-default\">\n\t\t\t\t\t<div class=\"elementor-column elementor-col-100 elementor-top-column elementor-element elementor-element-e88df67\" data-id=\"e88df67\" data-element_type=\"column\">\n\t\t\t<div class=\"elementor-widget-wrap elementor-element-populated\">\n\t\t\t\t\t\t<div class=\"elementor-element elementor-element-8bc3d32 elementor-widget elementor-widget-spacer\" data-id=\"8bc3d32\" data-element_type=\"widget\" data-widget_type=\"spacer.default\">\n\t\t\t\t<div class=\"elementor-widget-container\">\n\t\t\t\t\t<div class=\"elementor-spacer\">\n\t\t\t<div class=\"elementor-spacer-inner\"><\/div>\n\t\t<\/div>\n\t\t\t\t<\/div>\n\t\t\t\t<\/div>\n\t\t\t\t<div class=\"elementor-element elementor-element-3a66f10 elementor-widget elementor-widget-text-editor\" data-id=\"3a66f10\" data-element_type=\"widget\" data-widget_type=\"text-editor.default\">\n\t\t\t\t<div class=\"elementor-widget-container\">\n\t\t\t\t\t\t\t<p>Bil en\u00a0<span style=\"color: #ffd100;\"><b>SUBTECH AMBASSAD\u00d6R<\/b><\/span>\u00a0och b\u00f6rja tj\u00e4na sponsorkommission idag!<\/p>\t\t\t\t\t\t<\/div>\n\t\t\t\t<\/div>\n\t\t\t\t<div class=\"elementor-element elementor-element-4e25e14 elementor-widget elementor-widget-image\" data-id=\"4e25e14\" data-element_type=\"widget\" data-widget_type=\"image.default\">\n\t\t\t\t<div class=\"elementor-widget-container\">\n\t\t\t\t\t\t\t\t\t\t\t\t\t<img fetchpriority=\"high\" decoding=\"async\" width=\"1024\" height=\"683\" src=\"https:\/\/utv.subtechsports.com\/wp-content\/uploads\/2020\/10\/SUBTECH-Ambassador_Zia-Zuarez-1024x683.jpg\" class=\"attachment-large size-large wp-image-76500\" alt=\"\" srcset=\"https:\/\/utv.subtechsports.com\/wp-content\/uploads\/2020\/10\/SUBTECH-Ambassador_Zia-Zuarez-1024x683.jpg 1024w, https:\/\/utv.subtechsports.com\/wp-content\/uploads\/2020\/10\/SUBTECH-Ambassador_Zia-Zuarez-680x453.jpg 680w, https:\/\/utv.subtechsports.com\/wp-content\/uploads\/2020\/10\/SUBTECH-Ambassador_Zia-Zuarez-840x560.jpg 840w, https:\/\/utv.subtechsports.com\/wp-content\/uploads\/2020\/10\/SUBTECH-Ambassador_Zia-Zuarez-300x200.jpg 300w, https:\/\/utv.subtechsports.com\/wp-content\/uploads\/2020\/10\/SUBTECH-Ambassador_Zia-Zuarez-768x512.jpg 768w, https:\/\/utv.subtechsports.com\/wp-content\/uploads\/2020\/10\/SUBTECH-Ambassador_Zia-Zuarez-100x68.jpg 100w, https:\/\/utv.subtechsports.com\/wp-content\/uploads\/2020\/10\/SUBTECH-Ambassador_Zia-Zuarez-450x300.jpg 450w, https:\/\/utv.subtechsports.com\/wp-content\/uploads\/2020\/10\/SUBTECH-Ambassador_Zia-Zuarez.jpg 1080w\" sizes=\"(max-width: 1024px) 100vw, 1024px\" \/>\t\t\t\t\t\t\t\t\t\t\t\t\t<\/div>\n\t\t\t\t<\/div>\n\t\t\t\t<div class=\"elementor-element elementor-element-6617223 elementor-widget elementor-widget-spacer\" data-id=\"6617223\" data-element_type=\"widget\" data-widget_type=\"spacer.default\">\n\t\t\t\t<div class=\"elementor-widget-container\">\n\t\t\t\t\t<div class=\"elementor-spacer\">\n\t\t\t<div class=\"elementor-spacer-inner\"><\/div>\n\t\t<\/div>\n\t\t\t\t<\/div>\n\t\t\t\t<\/div>\n\t\t\t\t<div class=\"elementor-element elementor-element-91647b6 elementor-widget elementor-widget-heading\" data-id=\"91647b6\" data-element_type=\"widget\" data-widget_type=\"heading.default\">\n\t\t\t\t<div class=\"elementor-widget-container\">\n\t\t\t<h2 class=\"elementor-heading-title elementor-size-default\">Vi \u00e4lskar att samarbeta med inspirerande \u00e4ventyrare och extremsport\u00e4lskare s\u00e5 att du f\u00e5r vara den f\u00f6rsta att testa v\u00e5ra nya innovativa produkter innan de kommer ut p\u00e5 marknaden! Som tack f\u00f6r att du \u00e4r en del av v\u00e5r SUBTECH-familj och hj\u00e4lper oss att f\u00e5 ut ordet om v\u00e5ra produkter, kommer vi att dela dina foton och videor och st\u00f6dja dig under den fortsatta resan tillsammans.<\/h2>\t\t<\/div>\n\t\t\t\t<\/div>\n\t\t\t\t<div class=\"elementor-element elementor-element-f488cf2 elementor-widget elementor-widget-spacer\" data-id=\"f488cf2\" data-element_type=\"widget\" data-widget_type=\"spacer.default\">\n\t\t\t\t<div class=\"elementor-widget-container\">\n\t\t\t\t\t<div class=\"elementor-spacer\">\n\t\t\t<div class=\"elementor-spacer-inner\"><\/div>\n\t\t<\/div>\n\t\t\t\t<\/div>\n\t\t\t\t<\/div>\n\t\t\t\t\t<\/div>\n\t\t<\/div>\n\t\t\t\t\t<\/div>\n\t\t<\/section>\n\t\t\t\t<section class=\"elementor-section elementor-top-section elementor-element elementor-element-bcabe78 elementor-section-boxed elementor-section-height-default elementor-section-height-default\" data-id=\"bcabe78\" data-element_type=\"section\">\n\t\t\t\t\t\t<div class=\"elementor-container elementor-column-gap-default\">\n\t\t\t\t\t<div class=\"elementor-column elementor-col-50 elementor-top-column elementor-element elementor-element-069f65b\" data-id=\"069f65b\" data-element_type=\"column\">\n\t\t\t<div class=\"elementor-widget-wrap elementor-element-populated\">\n\t\t\t\t\t\t<div class=\"elementor-element elementor-element-c2bcbf8 elementor-widget elementor-widget-heading\" data-id=\"c2bcbf8\" data-element_type=\"widget\" data-widget_type=\"heading.default\">\n\t\t\t\t<div class=\"elementor-widget-container\">\n\t\t\t<h2 class=\"elementor-heading-title elementor-size-default\">Inte ambassad\u00f6r \u00e4nnu?<\/h2>\t\t<\/div>\n\t\t\t\t<\/div>\n\t\t\t\t<div class=\"elementor-element elementor-element-208b11e elementor-widget elementor-widget-heading\" data-id=\"208b11e\" data-element_type=\"widget\" data-widget_type=\"heading.default\">\n\t\t\t\t<div class=\"elementor-widget-container\">\n\t\t\t<h2 class=\"elementor-heading-title elementor-size-default\"><a href=\"http:\/\/www.subtechsports.com\/affiliate-home\/affiliate-register\">ANS\u00d6K H\u00c4R<\/a><\/h2>\t\t<\/div>\n\t\t\t\t<\/div>\n\t\t\t\t\t<\/div>\n\t\t<\/div>\n\t\t\t\t<div class=\"elementor-column elementor-col-50 elementor-top-column elementor-element elementor-element-03a8bd7\" data-id=\"03a8bd7\" data-element_type=\"column\">\n\t\t\t<div class=\"elementor-widget-wrap elementor-element-populated\">\n\t\t\t\t\t\t<div class=\"elementor-element elementor-element-c8f248a elementor-widget elementor-widget-heading\" data-id=\"c8f248a\" data-element_type=\"widget\" data-widget_type=\"heading.default\">\n\t\t\t\t<div class=\"elementor-widget-container\">\n\t\t\t<h2 class=\"elementor-heading-title elementor-size-default\">Redan ambassad\u00f6r?<\/h2>\t\t<\/div>\n\t\t\t\t<\/div>\n\t\t\t\t<div class=\"elementor-element elementor-element-6de5fd4 elementor-widget elementor-widget-heading\" data-id=\"6de5fd4\" data-element_type=\"widget\" data-widget_type=\"heading.default\">\n\t\t\t\t<div class=\"elementor-widget-container\">\n\t\t\t<h2 class=\"elementor-heading-title elementor-size-default\"><a href=\"http:\/\/www.subtechsports.com\/affiliate-home\/affiliate-login\">LOGGA IN<\/a><\/h2>\t\t<\/div>\n\t\t\t\t<\/div>\n\t\t\t\t\t<\/div>\n\t\t<\/div>\n\t\t\t\t\t<\/div>\n\t\t<\/section>\n\t\t\t\t<section class=\"elementor-section elementor-top-section elementor-element elementor-element-a805837 elementor-section-boxed elementor-section-height-default elementor-section-height-default\" data-id=\"a805837\" data-element_type=\"section\">\n\t\t\t\t\t\t<div class=\"elementor-container elementor-column-gap-default\">\n\t\t\t\t\t<div class=\"elementor-column elementor-col-100 elementor-top-column elementor-element elementor-element-9d6b05c\" data-id=\"9d6b05c\" data-element_type=\"column\">\n\t\t\t<div class=\"elementor-widget-wrap elementor-element-populated\">\n\t\t\t\t\t\t<div class=\"elementor-element elementor-element-c3ee3cb elementor-widget elementor-widget-spacer\" data-id=\"c3ee3cb\" data-element_type=\"widget\" data-widget_type=\"spacer.default\">\n\t\t\t\t<div class=\"elementor-widget-container\">\n\t\t\t\t\t<div class=\"elementor-spacer\">\n\t\t\t<div class=\"elementor-spacer-inner\"><\/div>\n\t\t<\/div>\n\t\t\t\t<\/div>\n\t\t\t\t<\/div>\n\t\t\t\t\t<\/div>\n\t\t<\/div>\n\t\t\t\t\t<\/div>\n\t\t<\/section>\n\t\t\t\t<\/div>","protected":false},"excerpt":{"rendered":"<p>Become a\u00a0SUBTECH AMBASSADOR\u00a0and start to earn a sponsor commission today! We love to team up with epic adventurers and extreme sports lovers so that You get to be the first to test our new innovative products before they hit the market! As thanks for being part of our SUBTECH family and help us get the [&hellip;]<\/p>","protected":false},"author":1,"featured_media":0,"parent":0,"menu_order":0,"comment_status":"closed","ping_status":"closed","template":"","meta":[],"acf":[],"_links":{"self":[{"href":"https:\/\/utv.subtechsports.com\/sv\/wp-json\/wp\/v2\/pages\/75831"}],"collection":[{"href":"https:\/\/utv.subtechsports.com\/sv\/wp-json\/wp\/v2\/pages"}],"about":[{"href":"https:\/\/utv.subtechsports.com\/sv\/wp-json\/wp\/v2\/types\/page"}],"author":[{"embeddable":true,"href":"https:\/\/utv.subtechsports.com\/sv\/wp-json\/wp\/v2\/users\/1"}],"replies":[{"embeddable":true,"href":"https:\/\/utv.subtechsports.com\/sv\/wp-json\/wp\/v2\/comments?post=75831"}],"version-history":[{"count":0,"href":"https:\/\/utv.subtechsports.com\/sv\/wp-json\/wp\/v2\/pages\/75831\/revisions"}],"wp:attachment":[{"href":"https:\/\/utv.subtechsports.com\/sv\/wp-json\/wp\/v2\/media?parent=75831"}],"curies":[{"name":"wp","href":"https:\/\/api.w.org\/{rel}","templated":true}]}}