{"id":75836,"date":"2020-09-05T14:35:20","date_gmt":"2020-09-05T12:35:20","guid":{"rendered":"https:\/\/www.subtechsports.com\/?page_id=75836"},"modified":"2020-11-03T07:39:21","modified_gmt":"2020-11-03T06:39:21","slug":"sustainability","status":"publish","type":"page","link":"https:\/\/utv.subtechsports.com\/sv\/sustainability\/","title":{"rendered":"H\u00e5llbarhet"},"content":{"rendered":"<div data-elementor-type=\"wp-page\" data-elementor-id=\"75836\" class=\"elementor elementor-75836\" data-elementor-post-type=\"page\">\n\t\t\t\t\t\t<section class=\"elementor-section elementor-top-section elementor-element elementor-element-d952fee elementor-section-boxed elementor-section-height-default elementor-section-height-default\" data-id=\"d952fee\" data-element_type=\"section\">\n\t\t\t\t\t\t<div class=\"elementor-container elementor-column-gap-default\">\n\t\t\t\t\t<div class=\"elementor-column elementor-col-100 elementor-top-column elementor-element elementor-element-c77ce63\" data-id=\"c77ce63\" data-element_type=\"column\">\n\t\t\t<div class=\"elementor-widget-wrap elementor-element-populated\">\n\t\t\t\t\t\t<div class=\"elementor-element elementor-element-a74adcd elementor-widget elementor-widget-heading\" data-id=\"a74adcd\" data-element_type=\"widget\" data-widget_type=\"heading.default\">\n\t\t\t\t<div class=\"elementor-widget-container\">\n\t\t\t<h2 class=\"elementor-heading-title elementor-size-default\">H\u00e5llbarhet<\/h2>\t\t<\/div>\n\t\t\t\t<\/div>\n\t\t\t\t<div class=\"elementor-element elementor-element-d65f2cf elementor-widget elementor-widget-spacer\" data-id=\"d65f2cf\" data-element_type=\"widget\" data-widget_type=\"spacer.default\">\n\t\t\t\t<div class=\"elementor-widget-container\">\n\t\t\t\t\t<div class=\"elementor-spacer\">\n\t\t\t<div class=\"elementor-spacer-inner\"><\/div>\n\t\t<\/div>\n\t\t\t\t<\/div>\n\t\t\t\t<\/div>\n\t\t\t\t<div class=\"elementor-element elementor-element-4b44f3b elementor-widget elementor-widget-image\" data-id=\"4b44f3b\" data-element_type=\"widget\" data-widget_type=\"image.default\">\n\t\t\t\t<div class=\"elementor-widget-container\">\n\t\t\t\t\t\t\t\t\t\t\t\t\t<img fetchpriority=\"high\" decoding=\"async\" width=\"1024\" height=\"768\" src=\"https:\/\/utv.subtechsports.com\/wp-content\/uploads\/2018\/07\/Trash-Tiki_IN-partnership-with-Subtech-Sports-1024x768.jpg\" class=\"attachment-large size-large wp-image-50178\" alt=\"\" srcset=\"https:\/\/utv.subtechsports.com\/wp-content\/uploads\/2018\/07\/Trash-Tiki_IN-partnership-with-Subtech-Sports-1024x768.jpg 1024w, https:\/\/utv.subtechsports.com\/wp-content\/uploads\/2018\/07\/Trash-Tiki_IN-partnership-with-Subtech-Sports-680x510.jpg 680w, https:\/\/utv.subtechsports.com\/wp-content\/uploads\/2018\/07\/Trash-Tiki_IN-partnership-with-Subtech-Sports-840x630.jpg 840w, https:\/\/utv.subtechsports.com\/wp-content\/uploads\/2018\/07\/Trash-Tiki_IN-partnership-with-Subtech-Sports-300x225.jpg 300w, https:\/\/utv.subtechsports.com\/wp-content\/uploads\/2018\/07\/Trash-Tiki_IN-partnership-with-Subtech-Sports-768x576.jpg 768w\" sizes=\"(max-width: 1024px) 100vw, 1024px\" \/>\t\t\t\t\t\t\t\t\t\t\t\t\t<\/div>\n\t\t\t\t<\/div>\n\t\t\t\t<div class=\"elementor-element elementor-element-0f64c62 elementor-widget elementor-widget-text-editor\" data-id=\"0f64c62\" data-element_type=\"widget\" data-widget_type=\"text-editor.default\">\n\t\t\t\t<div class=\"elementor-widget-container\">\n\t\t\t\t\t\t\t<p>Att skydda planeten f\u00f6r framtida generationer \u00e4r en integrerad del av v\u00e5r kultur, och vi str\u00e4var efter att integrera h\u00e5llbarhet i allt vi g\u00f6r.<br>\u00c4ven om v\u00e5ra v\u00e4skor redan \u00e4r gjorda f\u00f6r att h\u00e5lla en livstid, utvecklar och testar vi st\u00e4ndigt nya material och \u00f6kar anv\u00e4ndningen av \u00e5tervunnet material utan att kompromissa med de vattent\u00e4ta egenskaperna hos v\u00e5ra produkter.<\/p>\n<p>Idag \u00e4r genomsnittet av v\u00e5ra v\u00e4skor och dragkedjor gjorda av 50 % \u00e5tervunnet material, v\u00e5rt m\u00e5l \u00e4r &gt;90 % \u00e5tervunnet material \u00e5r 2025 och \u00e4r d\u00e4rmed s\u00e4tta ett exempel f\u00f6r att uppmuntra andra i branschen att g\u00f6ra detsamma. Om du av n\u00e5gon anledning skulle ha n\u00e5gra problem med din produkt kommer v\u00e5ra mycket skickliga ingenj\u00f6rer att reparera din v\u00e4ska och d\u00e4rmed f\u00f6rl\u00e4nga livscykeln f\u00f6r v\u00e5ra produkter.<\/p>\n<p>Du har \u00e4ven m\u00f6jlighet att byta in din begagnade\/skadade v\u00e4ska mot rabatt vid k\u00f6p av en ny. S\u00e5 att vi kan fixa v\u00e4skan och ge den ett nytt liv till n\u00e5gon av de ideella organisationer vi har ett n\u00e4ra samarbete med. F\u00f6r att hj\u00e4lpa till att h\u00e5lla sin forskningsutrustning torr s\u00e5 att de kan fokusera p\u00e5 att r\u00e4dda v\u00e4rldshaven f\u00f6r framtida generationer.<\/p>\n<p>F\u00f6r eventuella fr\u00e5gor, v\u00e4nligen kontakta oss p\u00e5 <a href=\"mailto:info@subtechsports.com\">info@subtechsports.com.<\/a><\/p>\t\t\t\t\t\t<\/div>\n\t\t\t\t<\/div>\n\t\t\t\t\t<\/div>\n\t\t<\/div>\n\t\t\t\t\t<\/div>\n\t\t<\/section>\n\t\t\t\t<\/div>","protected":false},"excerpt":{"rendered":"<p>Sustainability Protecting the planet for future generations is an integral part of our culture, and we strive to incorporate sustainability into everything we do.Even though our bags are already made to last a lifetime, we are constantly developing and testing new materials and increasing the use of recycled materials without compromising on the waterproof features [&hellip;]<\/p>","protected":false},"author":1,"featured_media":0,"parent":0,"menu_order":0,"comment_status":"closed","ping_status":"closed","template":"","meta":[],"acf":[],"_links":{"self":[{"href":"https:\/\/utv.subtechsports.com\/sv\/wp-json\/wp\/v2\/pages\/75836"}],"collection":[{"href":"https:\/\/utv.subtechsports.com\/sv\/wp-json\/wp\/v2\/pages"}],"about":[{"href":"https:\/\/utv.subtechsports.com\/sv\/wp-json\/wp\/v2\/types\/page"}],"author":[{"embeddable":true,"href":"https:\/\/utv.subtechsports.com\/sv\/wp-json\/wp\/v2\/users\/1"}],"replies":[{"embeddable":true,"href":"https:\/\/utv.subtechsports.com\/sv\/wp-json\/wp\/v2\/comments?post=75836"}],"version-history":[{"count":0,"href":"https:\/\/utv.subtechsports.com\/sv\/wp-json\/wp\/v2\/pages\/75836\/revisions"}],"wp:attachment":[{"href":"https:\/\/utv.subtechsports.com\/sv\/wp-json\/wp\/v2\/media?parent=75836"}],"curies":[{"name":"wp","href":"https:\/\/api.w.org\/{rel}","templated":true}]}}